{"id":11,"date":"2015-05-26T20:24:42","date_gmt":"2015-05-26T20:24:42","guid":{"rendered":"http:\/\/binair.es\/?page_id=11"},"modified":"2015-05-26T20:48:39","modified_gmt":"2015-05-26T20:48:39","slug":"instalaciones","status":"publish","type":"page","link":"https:\/\/binair.es\/?page_id=11","title":{"rendered":"Instalaciones"},"content":{"rendered":"<p>Especialistas en nuestro campo, desarrollamos instalaciones espec\u00edficas dentro del sector de la climatizaci\u00f3n, entre las que destacan:<\/p>\n<ul>\n<li><strong>Instalaciones hidr\u00e1ulicas<\/strong><\/li>\n<li><strong>Instalaciones de combustible<\/strong><\/li>\n<li><strong>Instalaciones industriales<\/strong><\/li>\n<li><strong>Instalaciones de climatizaci\u00f3n<\/strong><\/li>\n<li><strong>Sistemas de control<\/strong><\/li>\n<li><strong>Ambientes especiales<\/strong><\/li>\n<li><strong>Energ\u00edas renovables<\/strong><\/li>\n<\/ul>\n<p>BINAIR ofrece sus servicios en distintas \u00e1reas dentro del desarrollo de los proyectos, ejecutando tambi\u00e9n instalaciones auxiliares para el funcionamiento del conjunto, como son las de suministro de combustible, el\u00e9ctricas y de control.<\/p>\n<p>Nuestra empresa cuenta con profesionales cualificados que cubren todas las necesidades que plantea el montaje de instalaciones: ingenieros, frigoristas, soldadores, conducteros, calefactores, electricistas, etc.<\/p>\n<p>&nbsp;<\/p>\n<p><a href=\"http:\/\/binair.es\/wp-content\/uploads\/2015\/05\/Esquemainstalaciones1.png\"><img loading=\"lazy\" decoding=\"async\" class=\" size-full wp-image-22 aligncenter\" src=\"http:\/\/binair.es\/wp-content\/uploads\/2015\/05\/Esquemainstalaciones1.png\" alt=\"Esquemainstalaciones\" width=\"720\" height=\"540\" srcset=\"https:\/\/binair.es\/wp-content\/uploads\/2015\/05\/Esquemainstalaciones1.png 720w, https:\/\/binair.es\/wp-content\/uploads\/2015\/05\/Esquemainstalaciones1-300x225.png 300w\" sizes=\"(max-width: 720px) 100vw, 720px\" \/><\/a><\/p>\n","protected":false},"excerpt":{"rendered":"<p>Especialistas en nuestro campo, desarrollamos instalaciones espec\u00edficas dentro del sector de la climatizaci\u00f3n, entre las que destacan: Instalaciones hidr\u00e1ulicas Instalaciones de combustible Instalaciones industriales Instalaciones de climatizaci\u00f3n Sistemas de control Ambientes especiales Energ\u00edas renovables BINAIR ofrece sus servicios en distintas \u00e1reas dentro del desarrollo de los proyectos, ejecutando tambi\u00e9n instalaciones&#8230;<\/p>\n","protected":false},"author":1,"featured_media":0,"parent":0,"menu_order":0,"comment_status":"closed","ping_status":"open","template":"page-fullwidth.php","meta":{"footnotes":""},"_links":{"self":[{"href":"https:\/\/binair.es\/index.php?rest_route=\/wp\/v2\/pages\/11"}],"collection":[{"href":"https:\/\/binair.es\/index.php?rest_route=\/wp\/v2\/pages"}],"about":[{"href":"https:\/\/binair.es\/index.php?rest_route=\/wp\/v2\/types\/page"}],"author":[{"embeddable":true,"href":"https:\/\/binair.es\/index.php?rest_route=\/wp\/v2\/users\/1"}],"replies":[{"embeddable":true,"href":"https:\/\/binair.es\/index.php?rest_route=%2Fwp%2Fv2%2Fcomments&post=11"}],"version-history":[{"count":2,"href":"https:\/\/binair.es\/index.php?rest_route=\/wp\/v2\/pages\/11\/revisions"}],"predecessor-version":[{"id":42,"href":"https:\/\/binair.es\/index.php?rest_route=\/wp\/v2\/pages\/11\/revisions\/42"}],"wp:attachment":[{"href":"https:\/\/binair.es\/index.php?rest_route=%2Fwp%2Fv2%2Fmedia&parent=11"}],"curies":[{"name":"wp","href":"https:\/\/api.w.org\/{rel}","templated":true}]}}