{"id":13,"date":"2015-05-26T20:26:43","date_gmt":"2015-05-26T20:26:43","guid":{"rendered":"http:\/\/binair.es\/?page_id=13"},"modified":"2015-05-26T20:30:33","modified_gmt":"2015-05-26T20:30:33","slug":"mantenimientos","status":"publish","type":"page","link":"https:\/\/binair.es\/?page_id=13","title":{"rendered":"Mantenimientos"},"content":{"rendered":"<p>La amplia experiencia adquirida en la ingenier\u00eda, desarrollo y montaje de instalaciones nos permite ofrecer un servicio de mantenimiento altamente cualificado que asegure una correcta y eficiente explotaci\u00f3n de las mismas.<\/p>\n<p>BINAIR destaca en el sector del mantenimiento, proporcionando los siguientes servicios:<\/p>\n<p><strong>Gesti\u00f3n de instalaciones<\/strong><\/p>\n<p>Proveemos del personal t\u00e9cnico necesario para la gesti\u00f3n de las instalaciones que nos han sido confiadas, proporcionando frigoristas, operadores de calderas y oficiales en mantenimiento que las exploten en par\u00e1metros de eficiencia, seguridad y garant\u00eda de funcionamiento.<\/p>\n<p>Un director de mantenimiento, con categor\u00eda de Ingeniero Industrial, asesorar\u00e1 a nuestros clientes en temas t\u00e9cnico-legales y ahorro energ\u00e9tico.<\/p>\n<p><strong>Mantenimiento predictivo, preventivo y correctivo<\/strong><\/p>\n<p>Nuestro personal de mantenimiento realiza las tareas previstas seg\u00fan un plan de actuaciones desarrollado espec\u00edficamente, ejecutando las labores de limpieza, revisi\u00f3n y ajuste que redunden en un mejor aprovechamiento y conservaci\u00f3n de los equipos.<\/p>\n<p>La aplicaci\u00f3n de un plan de mantenimiento aporta datos y mediciones sobre el funcionamiento de los equipos que permiten el desarrollo de un plan de mayor alcance; la predicci\u00f3n de aver\u00edas y paradas en el servicio, mediante la observaci\u00f3n de desviaciones en determinados par\u00e1metros de funcionamiento.<\/p>\n<p><strong>Actualizaci\u00f3n y reforma<\/strong><\/p>\n<p>Con la ejecuci\u00f3n de un plan de mantenimiento se adquiere un amplio y profundo conocimiento de los sistemas, permitiendo la evaluaci\u00f3n de posibles mejoras y actualizaciones en los mismos sin necesidad de sustituir los elementos principales, su principio de funcionamiento caracter\u00edstico o interrumpir el servicio.<\/p>\n<p><strong>Gesti\u00f3n Integral: servicio 360\u00ba<\/strong><\/p>\n<p>BINAIR ofrece a sus clientes un servicio de gesti\u00f3n integral para todo el ciclo de vida de sus instalaciones, desde su fase de dise\u00f1o hasta su ejecuci\u00f3n, mantenimiento y reforma, con la garant\u00eda y seguridad que otorga la amplia experiencia adquirida por nuestra empresa tanto en la realizaci\u00f3n de instalaciones como en su mantenimiento.<\/p>\n<p>&nbsp;<\/p>\n<p><a href=\"http:\/\/binair.es\/wp-content\/uploads\/2015\/05\/Gestion3601.png\"><img loading=\"lazy\" decoding=\"async\" class=\" size-medium wp-image-23 aligncenter\" src=\"http:\/\/binair.es\/wp-content\/uploads\/2015\/05\/Gestion3601-300x271.png\" alt=\"Gestion360\" width=\"300\" height=\"271\" srcset=\"https:\/\/binair.es\/wp-content\/uploads\/2015\/05\/Gestion3601-300x271.png 300w, https:\/\/binair.es\/wp-content\/uploads\/2015\/05\/Gestion3601.png 398w\" sizes=\"(max-width: 300px) 100vw, 300px\" \/><\/a><\/p>\n","protected":false},"excerpt":{"rendered":"<p>La amplia experiencia adquirida en la ingenier\u00eda, desarrollo y montaje de instalaciones nos permite ofrecer un servicio de mantenimiento altamente cualificado que asegure una correcta y eficiente explotaci\u00f3n de las mismas. BINAIR destaca en el sector del mantenimiento, proporcionando los siguientes servicios: Gesti\u00f3n de instalaciones Proveemos del personal t\u00e9cnico necesario&#8230;<\/p>\n","protected":false},"author":1,"featured_media":0,"parent":0,"menu_order":0,"comment_status":"open","ping_status":"open","template":"page-fullwidth.php","meta":{"footnotes":""},"_links":{"self":[{"href":"https:\/\/binair.es\/index.php?rest_route=\/wp\/v2\/pages\/13"}],"collection":[{"href":"https:\/\/binair.es\/index.php?rest_route=\/wp\/v2\/pages"}],"about":[{"href":"https:\/\/binair.es\/index.php?rest_route=\/wp\/v2\/types\/page"}],"author":[{"embeddable":true,"href":"https:\/\/binair.es\/index.php?rest_route=\/wp\/v2\/users\/1"}],"replies":[{"embeddable":true,"href":"https:\/\/binair.es\/index.php?rest_route=%2Fwp%2Fv2%2Fcomments&post=13"}],"version-history":[{"count":2,"href":"https:\/\/binair.es\/index.php?rest_route=\/wp\/v2\/pages\/13\/revisions"}],"predecessor-version":[{"id":25,"href":"https:\/\/binair.es\/index.php?rest_route=\/wp\/v2\/pages\/13\/revisions\/25"}],"wp:attachment":[{"href":"https:\/\/binair.es\/index.php?rest_route=%2Fwp%2Fv2%2Fmedia&parent=13"}],"curies":[{"name":"wp","href":"https:\/\/api.w.org\/{rel}","templated":true}]}}