{"id":4,"date":"2015-05-26T20:19:15","date_gmt":"2015-05-26T20:19:15","guid":{"rendered":"http:\/\/binair.es\/?page_id=4"},"modified":"2024-03-27T12:06:04","modified_gmt":"2024-03-27T12:06:04","slug":"empresa","status":"publish","type":"page","link":"https:\/\/binair.es\/?page_id=4","title":{"rendered":"Empresa"},"content":{"rendered":"<p>Desde 1992 BINAIR desarrolla su actividad en el sector de la climatizaci\u00f3n y las instalaciones industriales, ofreciendo una amplia gama de servicios que van desde el dise\u00f1o, el desarrollo y la legalizaci\u00f3n de instalaciones, al montaje y mantenimiento de las mismas.<\/p>\n<p>Orientados a la climatizaci\u00f3n de edificios, nuestra actividad se centra en los inmuebles comerciales, oficinas, salas especiales (CPD, cuartos de enclavamiento ferroviario, salas antideflagrantes&#8230;), y los establecimientos hoteleros, realizando tambi\u00e9n plantas de producci\u00f3n para aplicaciones industriales.<\/p>\n<p>Contamos con un departamento de ingenier\u00eda propio, formado por t\u00e9cnicos e ingenieros industriales, que proyectan, calculan y desarrollan las instalaciones que llevamos a cabo, generando toda la documentaci\u00f3n, proyectos y planos necesarios, adem\u00e1s de ocuparse de la legalizaci\u00f3n de instalaciones ante organismos oficiales.<\/p>\n<p>Ofrecemos soluciones llave en mano para cualquier tipo de proyecto, incluyendo las instalaciones auxiliares de suministro de combustible, el\u00e9ctricas, de control\u2026<\/p>\n<p>Disponemos de todas las acreditaciones y homologaciones de empresa instaladora otorgadas por el Ministerio de Industria, estando acreditados tambi\u00e9n como instaladores ante las principales compa\u00f1\u00edas suministradoras de combustible.<\/p>\n<p>La experiencia adquirida durante a\u00f1os en el desarrollo y montaje de instalaciones nos permite posicionarnos como empresa puntera en el sector, complementando nuestro alcance con un servicio de mantenimiento para instalaciones de climatizaci\u00f3n de todo tipo.<\/p>\n<p>Contamos con las certificaciones ISO 9001 e ISO 14001.<\/p>\n<p>&nbsp;<\/p>\n<p><a href=\"https:\/\/binair.es\/wp-content\/uploads\/2022\/08\/ISO-2022-binair.jpg\"><img loading=\"lazy\" decoding=\"async\" class=\"aligncenter wp-image-98 size-full\" src=\"https:\/\/binair.es\/wp-content\/uploads\/2022\/08\/ISO-2022-binair.jpg\" alt=\"\" width=\"2245\" height=\"1588\" srcset=\"https:\/\/binair.es\/wp-content\/uploads\/2022\/08\/ISO-2022-binair.jpg 2245w, https:\/\/binair.es\/wp-content\/uploads\/2022\/08\/ISO-2022-binair-300x212.jpg 300w, https:\/\/binair.es\/wp-content\/uploads\/2022\/08\/ISO-2022-binair-768x543.jpg 768w, https:\/\/binair.es\/wp-content\/uploads\/2022\/08\/ISO-2022-binair-1024x724.jpg 1024w\" sizes=\"(max-width: 2245px) 100vw, 2245px\" \/><\/a><\/p>\n<p>&nbsp;<\/p>\n<p>&nbsp;<\/p>\n<p style=\"text-align: center;\"><a href=\"https:\/\/binair.es\/wp-content\/uploads\/2024\/03\/Politica-Calidad-y-Medio-Ambiente_BINAIR_Ed01.pdf\" target=\"_blank\" rel=\"noopener\">Politica empresa<\/a><\/p>\n","protected":false},"excerpt":{"rendered":"<p>Desde 1992 BINAIR desarrolla su actividad en el sector de la climatizaci\u00f3n y las instalaciones industriales, ofreciendo una amplia gama de servicios que van desde el dise\u00f1o, el desarrollo y la legalizaci\u00f3n de instalaciones, al montaje y mantenimiento de las mismas. Orientados a la climatizaci\u00f3n de edificios, nuestra actividad se&#8230;<\/p>\n","protected":false},"author":1,"featured_media":0,"parent":0,"menu_order":0,"comment_status":"closed","ping_status":"open","template":"page-fullwidth.php","meta":{"footnotes":""},"_links":{"self":[{"href":"https:\/\/binair.es\/index.php?rest_route=\/wp\/v2\/pages\/4"}],"collection":[{"href":"https:\/\/binair.es\/index.php?rest_route=\/wp\/v2\/pages"}],"about":[{"href":"https:\/\/binair.es\/index.php?rest_route=\/wp\/v2\/types\/page"}],"author":[{"embeddable":true,"href":"https:\/\/binair.es\/index.php?rest_route=\/wp\/v2\/users\/1"}],"replies":[{"embeddable":true,"href":"https:\/\/binair.es\/index.php?rest_route=%2Fwp%2Fv2%2Fcomments&post=4"}],"version-history":[{"count":16,"href":"https:\/\/binair.es\/index.php?rest_route=\/wp\/v2\/pages\/4\/revisions"}],"predecessor-version":[{"id":103,"href":"https:\/\/binair.es\/index.php?rest_route=\/wp\/v2\/pages\/4\/revisions\/103"}],"wp:attachment":[{"href":"https:\/\/binair.es\/index.php?rest_route=%2Fwp%2Fv2%2Fmedia&parent=4"}],"curies":[{"name":"wp","href":"https:\/\/api.w.org\/{rel}","templated":true}]}}