{"id":9,"date":"2015-05-26T20:22:24","date_gmt":"2015-05-26T20:22:24","guid":{"rendered":"http:\/\/binair.es\/?page_id=9"},"modified":"2015-05-26T21:04:13","modified_gmt":"2015-05-26T21:04:13","slug":"ingenieria","status":"publish","type":"page","link":"https:\/\/binair.es\/?page_id=9","title":{"rendered":"Ingenier\u00eda"},"content":{"rendered":"<p>BINAIR ofrece a sus clientes un asesoramiento t\u00e9cnico completo en el estudio de sus proyectos y la realizaci\u00f3n de sus instalaciones, supervisadas por ingenieros y t\u00e9cnicos profesionales pertenecientes a nuestra empresa.<\/p>\n<p>Nuestros ingenieros calculan, estudian y desarrollan los proyectos de instalaciones conforme a las necesidades de nuestros clientes y los requerimientos de los procesos, gestionando toda la documentaci\u00f3n necesaria para su tramitaci\u00f3n, seguimiento y legalizaci\u00f3n ante organismos oficiales.<\/p>\n<p><strong>Estudios y proyectos<a href=\"http:\/\/binair.es\/wp-content\/uploads\/2015\/05\/Disenoingenieria1.png\"><img loading=\"lazy\" decoding=\"async\" class=\" size-medium wp-image-21 alignright\" src=\"http:\/\/binair.es\/wp-content\/uploads\/2015\/05\/Disenoingenieria1-300x250.png\" alt=\"Disenoingenieria\" width=\"300\" height=\"250\" srcset=\"https:\/\/binair.es\/wp-content\/uploads\/2015\/05\/Disenoingenieria1-300x250.png 300w, https:\/\/binair.es\/wp-content\/uploads\/2015\/05\/Disenoingenieria1.png 966w\" sizes=\"(max-width: 300px) 100vw, 300px\" \/><\/a><\/strong><\/p>\n<p>BINAIR ofrece entre sus servicios de ingenier\u00eda y asesoramiento:<\/p>\n<ul>\n<li>C\u00e1lculo y dise\u00f1o de instalaciones<\/li>\n<li>Informes y auditor\u00edas de funcionamiento de instalaciones existentes<\/li>\n<li>Proyectos de adecuaci\u00f3n y reforma de instalaciones<\/li>\n<li>Legalizaci\u00f3n de instalaciones<\/li>\n<li>Asesoramiento t\u00e9cnico<\/li>\n<\/ul>\n<p><strong>Desarrollo de procesos e instalaciones<\/strong><\/p>\n<p>Adecuamos el dise\u00f1o y desarrollo de los proyectos a los requerimientos y necesidades del cliente, desarrollando plantas de producci\u00f3n de fr\u00edo y calor para procesos espec\u00edficos, manteniendo caudales, presiones y temperaturas en m\u00e1rgenes estrictos.<\/p>\n<p>Tambi\u00e9n adecuamos m\u00e1quinas e instalaciones a nuevos requerimientos o necesidades especiales como el trabajo en ambientes explosivos, marinos, o medios agresivos.<\/p>\n","protected":false},"excerpt":{"rendered":"<p>BINAIR ofrece a sus clientes un asesoramiento t\u00e9cnico completo en el estudio de sus proyectos y la realizaci\u00f3n de sus instalaciones, supervisadas por ingenieros y t\u00e9cnicos profesionales pertenecientes a nuestra empresa. Nuestros ingenieros calculan, estudian y desarrollan los proyectos de instalaciones conforme a las necesidades de nuestros clientes y los&#8230;<\/p>\n","protected":false},"author":1,"featured_media":0,"parent":0,"menu_order":0,"comment_status":"closed","ping_status":"open","template":"page-fullwidth.php","meta":{"footnotes":""},"_links":{"self":[{"href":"https:\/\/binair.es\/index.php?rest_route=\/wp\/v2\/pages\/9"}],"collection":[{"href":"https:\/\/binair.es\/index.php?rest_route=\/wp\/v2\/pages"}],"about":[{"href":"https:\/\/binair.es\/index.php?rest_route=\/wp\/v2\/types\/page"}],"author":[{"embeddable":true,"href":"https:\/\/binair.es\/index.php?rest_route=\/wp\/v2\/users\/1"}],"replies":[{"embeddable":true,"href":"https:\/\/binair.es\/index.php?rest_route=%2Fwp%2Fv2%2Fcomments&post=9"}],"version-history":[{"count":2,"href":"https:\/\/binair.es\/index.php?rest_route=\/wp\/v2\/pages\/9\/revisions"}],"predecessor-version":[{"id":46,"href":"https:\/\/binair.es\/index.php?rest_route=\/wp\/v2\/pages\/9\/revisions\/46"}],"wp:attachment":[{"href":"https:\/\/binair.es\/index.php?rest_route=%2Fwp%2Fv2%2Fmedia&parent=9"}],"curies":[{"name":"wp","href":"https:\/\/api.w.org\/{rel}","templated":true}]}}